{"id":789,"date":"2019-10-04T12:50:27","date_gmt":"2019-10-04T10:50:27","guid":{"rendered":"http:\/\/depannage-informatique-lyon.com\/?page_id=789"},"modified":"2019-10-04T12:53:27","modified_gmt":"2019-10-04T10:53:27","slug":"lenovo-onekey-recovery-bios-et-boot-menu-en-un-clic","status":"publish","type":"page","link":"https:\/\/depannage-informatique-lyon.com\/index.php\/lenovo-onekey-recovery-bios-et-boot-menu-en-un-clic\/","title":{"rendered":"Lenovo OneKey Recovery : BIOS et BOOT menu en un clic !"},"content":{"rendered":"\n<p><strong>Comment acc\u00e9der au BIOS ou au menu de BOOT du premier coup en un seul clic sur un ordinateur de marque LENOVO ? La r\u00e9ponse ici en vid\u00e9o !<\/strong><\/p>\n\n\n\n<figure class=\"wp-block-embed-youtube aligncenter wp-block-embed is-type-video is-provider-youtube wp-embed-aspect-16-9 wp-has-aspect-ratio\"><div class=\"wp-block-embed__wrapper\">\n<span class=\"embed-youtube\" style=\"text-align:center; display: block;\"><iframe class='youtube-player' type='text\/html' width='550' height='310' src='https:\/\/www.youtube.com\/embed\/9YWp8Ird0cg?version=3&#038;rel=1&#038;fs=1&#038;autohide=2&#038;showsearch=0&#038;showinfo=1&#038;iv_load_policy=1&#038;wmode=transparent' allowfullscreen='true' style='border:0;'><\/iframe><\/span>\n<\/div><figcaption> Vid\u00e9o fournie par la cha\u00eene \u00ab\u00a0Les tutos de Polo\u00a0\u00bb <a href=\"http:\/\/youtube.com\/c\/tutopolo\">http:\/\/youtube.com\/c\/tutopolo<\/a> <\/figcaption><\/figure>\n\n\n\n<p>Depuis Windows 8, il est souvent difficile d\u2019acc\u00e9der au BIOS, ou au menu de boot de la machine. En effet, la technologie FastBoot introduite par Windows 8 d\u00e9marre le syst\u00e8me presque instantan\u00e9ment si bien qu\u2019il en devient impossible de presser une touche de fonction au d\u00e9marrage.<\/p>\n\n\n\n<p>Qu\u2019\u00e0 cela ne tienne, le constructeur Lenovo a eu la bonne id\u00e9e de proposer non pas un bouton Power, mais deux ! Pourquoi ? Simple, le second plus difficilement accessible (la fameuse OneTouch Recovery) permet de d\u00e9marrer le PC en acc\u00e9dant imm\u00e9diatement \u00e0 un menu de BOOT, BIOS, ou parfois m\u00eame, R\u00e9installation d\u2019usine.&nbsp;<\/p>\n\n\n\n<p>Attention la OneTouch Recovery n\u2019est pas forc\u00e9ment disponible sur tous les ordinateurs de la marque.<\/p>\n\n\n\n<p>N&rsquo;h\u00e9sitez pas \u00e0 faire part de vos pr\u00e9cisions \/ remarques \/ ajouts via les commentaires.<\/p>\n","protected":false},"excerpt":{"rendered":"<p>Comment acc\u00e9der au BIOS ou au menu de BOOT du premier coup en un seul clic sur un ordinateur de marque LENOVO ? La r\u00e9ponse ici en vid\u00e9o ! Depuis Windows 8, il est souvent difficile d\u2019acc\u00e9der au BIOS, ou au menu de boot de la machine. En effet, la technologie FastBoot introduite par Windows<\/p>\n","protected":false},"author":1,"featured_media":0,"parent":0,"menu_order":0,"comment_status":"closed","ping_status":"closed","template":"","meta":{"spay_email":"","footnotes":""},"jetpack_sharing_enabled":true,"jetpack_shortlink":"https:\/\/wp.me\/P97B1j-cJ","_links":{"self":[{"href":"https:\/\/depannage-informatique-lyon.com\/index.php\/wp-json\/wp\/v2\/pages\/789"}],"collection":[{"href":"https:\/\/depannage-informatique-lyon.com\/index.php\/wp-json\/wp\/v2\/pages"}],"about":[{"href":"https:\/\/depannage-informatique-lyon.com\/index.php\/wp-json\/wp\/v2\/types\/page"}],"author":[{"embeddable":true,"href":"https:\/\/depannage-informatique-lyon.com\/index.php\/wp-json\/wp\/v2\/users\/1"}],"replies":[{"embeddable":true,"href":"https:\/\/depannage-informatique-lyon.com\/index.php\/wp-json\/wp\/v2\/comments?post=789"}],"version-history":[{"count":1,"href":"https:\/\/depannage-informatique-lyon.com\/index.php\/wp-json\/wp\/v2\/pages\/789\/revisions"}],"predecessor-version":[{"id":790,"href":"https:\/\/depannage-informatique-lyon.com\/index.php\/wp-json\/wp\/v2\/pages\/789\/revisions\/790"}],"wp:attachment":[{"href":"https:\/\/depannage-informatique-lyon.com\/index.php\/wp-json\/wp\/v2\/media?parent=789"}],"curies":[{"name":"wp","href":"https:\/\/api.w.org\/{rel}","templated":true}]}}